{"id":2926,"date":"2023-12-29T15:03:36","date_gmt":"2023-12-29T14:03:36","guid":{"rendered":"https:\/\/veiligopslaan.nu\/sichere-lagerraeume-mieten-in-venlo-roermond-oder-reuver\/"},"modified":"2023-12-29T15:03:36","modified_gmt":"2023-12-29T14:03:36","slug":"sichere-lagerraeume-mieten-in-venlo-roermond-oder-reuver","status":"publish","type":"page","link":"https:\/\/veiligopslaan.nu\/de\/sichere-lagerraeume-mieten-in-venlo-roermond-oder-reuver\/","title":{"rendered":"Sichere Lagerr\u00e4ume mieten in Venlo, Roermond oder Reuver"},"content":{"rendered":"<p>Bei <a href=\"https:\/\/veiligopslaan.nu\/de\/\" target=\"_blank\" rel=\"noopener\">Secure Storage<\/a> k\u00f6nnen Sie ganz einfach einen sicheren Lagerraum mieten, der auf Ihre Bed\u00fcrfnisse zugeschnitten ist. Ganz gleich, ob Sie vor\u00fcbergehend wenig Platz haben oder Ihre Sachen f\u00fcr einen l\u00e4ngeren Zeitraum lagern m\u00f6chten, wir bieten Ihnen flexible, erschwingliche und sichere Lagereinheiten an mehreren Standorten in Limburg. <\/p>\n<h2>Lagerung f\u00fcr Privatpersonen und Unternehmen<\/h2>\n<p>Unsere Aufbewahrungsl\u00f6sungen sind f\u00fcr jede Situation geeignet. Denken Sie daran: <\/p>\n<ul>\n<li><a href=\"https:\/\/veiligopslaan.nu\/inboedel-opslag\/\" target=\"_blank\" rel=\"noopener\">Lagerung von Hausrat<\/a> w\u00e4hrend einer Renovierung oder Sanierung<\/li>\n<li><a href=\"https:\/\/veiligopslaan.nu\/archiefopslag\/\" target=\"_blank\" rel=\"noopener\">Archivierung<\/a> f\u00fcr Unternehmen oder Einzelunternehmer<\/li>\n<li>Saisonale Lagerung von Gartenm\u00f6beln, Skiern oder Motorr\u00e4dern<\/li>\n<li>Zus\u00e4tzlicher Stauraum f\u00fcr den Fall des Zusammenlebens, der Scheidung oder des Todes<\/li>\n<\/ul>\n<p>Sie fragen sich, welche Lagereinheit zu Ihnen passt? Sehen Sie sich gleich unsere <a href=\"https:\/\/veiligopslaan.nu\/de\/aufbewahrungsboxen\/\" target=\"_blank\" rel=\"noopener\">verschiedenen Lagerboxengr\u00f6\u00dfen<\/a> an. <\/p>\n<h2>Immer sichere Aufbewahrung &#8211; Tag und Nacht<\/h2>\n<p>Bei uns steht die Sicherheit an erster Stelle. Jeder Standort ist ausgestattet mit: <\/p>\n<ul>\n<li>24\/7 Kamera\u00fcberwachung und Alarmsystem<\/li>\n<li>Sicherer Zugang \u00fcber pers\u00f6nlichen Code<\/li>\n<li>Feuerschutz und Klimakontrolle<\/li>\n<\/ul>\n<p>Auf diese Weise k\u00f6nnen Sie sicher sein, dass Ihre Sachen sicher, trocken und sauber aufbewahrt werden.<\/p>\n<h2>Bequemer Zugang<\/h2>\n<p>Ihr Lagerraum ist 7 Tage die Woche zug\u00e4nglich &#8211; oft sogar au\u00dferhalb der B\u00fcrozeiten. So haben Sie immer Zugang zu Ihren Sachen, wenn Sie sie brauchen. <\/p>\n<h2>Flexibles Vermieten: Zahlen Sie nur, was Sie brauchen<\/h2>\n<p>Ob Sie nun f\u00fcr ein paar Wochen oder mehrere Monate mieten m\u00f6chten, bei uns sind Sie an nichts gebunden. Werfen Sie einen Blick auf unsere <a href=\"https:\/\/veiligopslaan.nu\/de\/preise\/\" target=\"_blank\" rel=\"noopener\">transparenten Preise<\/a> und finden Sie heraus, wie g\u00fcnstig sicherer Lagerraum sein kann. <\/p>\n<h2>Direkt online buchen<\/h2>\n<p>M\u00f6chten Sie noch heute eine Box reservieren? Kein Problem! \u00dcber unser <a href=\"https:\/\/veiligopslaan.nu\/reserveren\/\" target=\"_blank\" rel=\"noopener\">Online-Buchungssystem<\/a> k\u00f6nnen Sie ganz einfach Ihren Standort, die Gr\u00f6\u00dfe und den Mietzeitraum ausw\u00e4hlen.  <\/p>\n<h2>Was Kunden \u00fcber uns sagen<\/h2>\n<p>Unsere Kunden sch\u00e4tzen vor allem unseren Service, unsere Sauberkeit und unsere Flexibilit\u00e4t. Lesen Sie ihre Erfahrungen auf unserer <a href=\"https:\/\/veiligopslaan.nu\/de\/bewertungen\/\" target=\"_blank\" rel=\"noopener\">Kundenbewertungsseite<\/a>. <\/p>\n<h2>Service mit einem L\u00e4cheln<\/h2>\n<p>Haben Sie Fragen zu den Lagerm\u00f6glichkeiten oder ben\u00f6tigen Sie Hilfe bei der Auswahl des richtigen Lagers? Unser Team hilft Ihnen gerne pers\u00f6nlich weiter. Kontaktieren Sie <a href=\"https:\/\/veiligopslaan.nu\/de\/kontakt\/\" target=\"_blank\" rel=\"noopener\">uns<\/a> oder rufen Sie uns direkt an.  <\/p>\n<h3>Informiert bleiben<\/h3>\n<p>Folgen Sie uns auf <a href=\"https:\/\/www.facebook.com\/veiligopslaan\/\" target=\"_blank\" rel=\"noopener\">Facebook<\/a> f\u00fcr Einlagerungstipps, Sonderangebote und Updates rund um unsere Standorte in Venlo, Roermond und Reuver.<\/p>\n","protected":false},"excerpt":{"rendered":"<p>Bei Secure Storage k\u00f6nnen Sie ganz einfach einen sicheren Lagerraum mieten, der auf Ihre Bed\u00fcrfnisse zugeschnitten ist. Ganz gleich, ob [&hellip;]<\/p>\n","protected":false},"author":1,"featured_media":0,"parent":0,"menu_order":0,"comment_status":"closed","ping_status":"closed","template":"","meta":{"site-sidebar-layout":"default","site-content-layout":"","ast-site-content-layout":"default","site-content-style":"default","site-sidebar-style":"default","ast-global-header-display":"","ast-banner-title-visibility":"","ast-main-header-display":"","ast-hfb-above-header-display":"","ast-hfb-below-header-display":"","ast-hfb-mobile-header-display":"","site-post-title":"","ast-breadcrumbs-content":"","ast-featured-img":"","footer-sml-layout":"","ast-disable-related-posts":"","theme-transparent-header-meta":"","adv-header-id-meta":"","stick-header-meta":"","header-above-stick-meta":"","header-main-stick-meta":"","header-below-stick-meta":"","astra-migrate-meta-layouts":"default","ast-page-background-enabled":"default","ast-page-background-meta":{"desktop":{"background-color":"var(--ast-global-color-4)","background-image":"","background-repeat":"repeat","background-position":"center center","background-size":"auto","background-attachment":"scroll","background-type":"","background-media":"","overlay-type":"","overlay-color":"","overlay-opacity":"","overlay-gradient":""},"tablet":{"background-color":"","background-image":"","background-repeat":"repeat","background-position":"center center","background-size":"auto","background-attachment":"scroll","background-type":"","background-media":"","overlay-type":"","overlay-color":"","overlay-opacity":"","overlay-gradient":""},"mobile":{"background-color":"","background-image":"","background-repeat":"repeat","background-position":"center center","background-size":"auto","background-attachment":"scroll","background-type":"","background-media":"","overlay-type":"","overlay-color":"","overlay-opacity":"","overlay-gradient":""}},"ast-content-background-meta":{"desktop":{"background-color":"var(--ast-global-color-5)","background-image":"","background-repeat":"repeat","background-position":"center center","background-size":"auto","background-attachment":"scroll","background-type":"","background-media":"","overlay-type":"","overlay-color":"","overlay-opacity":"","overlay-gradient":""},"tablet":{"background-color":"var(--ast-global-color-5)","background-image":"","background-repeat":"repeat","background-position":"center center","background-size":"auto","background-attachment":"scroll","background-type":"","background-media":"","overlay-type":"","overlay-color":"","overlay-opacity":"","overlay-gradient":""},"mobile":{"background-color":"var(--ast-global-color-5)","background-image":"","background-repeat":"repeat","background-position":"center center","background-size":"auto","background-attachment":"scroll","background-type":"","background-media":"","overlay-type":"","overlay-color":"","overlay-opacity":"","overlay-gradient":""}},"footnotes":""},"class_list":["post-2926","page","type-page","status-publish","hentry"],"yoast_head":"<!-- This site is optimized with the Yoast SEO plugin v26.6 - https:\/\/yoast.com\/wordpress\/plugins\/seo\/ -->\n<title>Secure Storage - Ihr zuverl\u00e4ssiger Speicherpartner<\/title>\n<meta name=\"description\" content=\"Profitieren Sie von flexiblen Mietzeiten, attraktiven Angeboten und kundenfreundlichem Service f\u00fcr eine zuverl\u00e4ssige Lagerl\u00f6sung!\" \/>\n<meta name=\"robots\" content=\"index, follow, max-snippet:-1, max-image-preview:large, max-video-preview:-1\" \/>\n<link rel=\"canonical\" href=\"https:\/\/veiligopslaan.nu\/de\/sichere-lagerraeume-mieten-in-venlo-roermond-oder-reuver\/\" \/>\n<meta property=\"og:locale\" content=\"de_DE\" \/>\n<meta property=\"og:type\" content=\"article\" \/>\n<meta property=\"og:title\" content=\"Secure Storage - Ihr zuverl\u00e4ssiger Speicherpartner\" \/>\n<meta property=\"og:description\" content=\"Profitieren Sie von flexiblen Mietzeiten, attraktiven Angeboten und kundenfreundlichem Service f\u00fcr eine zuverl\u00e4ssige Lagerl\u00f6sung!\" \/>\n<meta property=\"og:url\" content=\"https:\/\/veiligopslaan.nu\/de\/sichere-lagerraeume-mieten-in-venlo-roermond-oder-reuver\/\" \/>\n<meta property=\"og:site_name\" content=\"Sichere Lagerung\" \/>\n<meta property=\"article:publisher\" content=\"https:\/\/www.facebook.com\/veiligopslaan\/\" \/>\n<meta property=\"og:image\" content=\"https:\/\/i0.wp.com\/veiligopslaan.nu\/wp-content\/uploads\/2018\/05\/logo-Veiligopslaan_kleur-png.png?fit=428%2C112&quality=80&ssl=1\" \/>\n\t<meta property=\"og:image:width\" content=\"428\" \/>\n\t<meta property=\"og:image:height\" content=\"112\" \/>\n\t<meta property=\"og:image:type\" content=\"image\/png\" \/>\n<meta name=\"twitter:card\" content=\"summary_large_image\" \/>\n<meta name=\"twitter:label1\" content=\"Gesch\u00e4tzte Lesezeit\" \/>\n\t<meta name=\"twitter:data1\" content=\"2\u00a0Minuten\" \/>\n<script type=\"application\/ld+json\" class=\"yoast-schema-graph\">{\"@context\":\"https:\/\/schema.org\",\"@graph\":[{\"@type\":\"WebPage\",\"@id\":\"https:\/\/veiligopslaan.nu\/de\/sichere-lagerraeume-mieten-in-venlo-roermond-oder-reuver\/\",\"url\":\"https:\/\/veiligopslaan.nu\/de\/sichere-lagerraeume-mieten-in-venlo-roermond-oder-reuver\/\",\"name\":\"Secure Storage - Ihr zuverl\u00e4ssiger Speicherpartner\",\"isPartOf\":{\"@id\":\"https:\/\/veiligopslaan.nu\/de\/#website\"},\"datePublished\":\"2023-12-29T14:03:36+00:00\",\"description\":\"Profitieren Sie von flexiblen Mietzeiten, attraktiven Angeboten und kundenfreundlichem Service f\u00fcr eine zuverl\u00e4ssige Lagerl\u00f6sung!\",\"breadcrumb\":{\"@id\":\"https:\/\/veiligopslaan.nu\/de\/sichere-lagerraeume-mieten-in-venlo-roermond-oder-reuver\/#breadcrumb\"},\"inLanguage\":\"de\",\"potentialAction\":[{\"@type\":\"ReadAction\",\"target\":[\"https:\/\/veiligopslaan.nu\/de\/sichere-lagerraeume-mieten-in-venlo-roermond-oder-reuver\/\"]}]},{\"@type\":\"BreadcrumbList\",\"@id\":\"https:\/\/veiligopslaan.nu\/de\/sichere-lagerraeume-mieten-in-venlo-roermond-oder-reuver\/#breadcrumb\",\"itemListElement\":[{\"@type\":\"ListItem\",\"position\":1,\"name\":\"Startseite\",\"item\":\"https:\/\/veiligopslaan.nu\/de\/\"},{\"@type\":\"ListItem\",\"position\":2,\"name\":\"Sichere Lagerr\u00e4ume mieten in Venlo, Roermond oder Reuver\"}]},{\"@type\":\"WebSite\",\"@id\":\"https:\/\/veiligopslaan.nu\/de\/#website\",\"url\":\"https:\/\/veiligopslaan.nu\/de\/\",\"name\":\"Sichere Lagerung\",\"description\":\"Erschwingliche Lagerung!\",\"publisher\":{\"@id\":\"https:\/\/veiligopslaan.nu\/de\/#organization\"},\"potentialAction\":[{\"@type\":\"SearchAction\",\"target\":{\"@type\":\"EntryPoint\",\"urlTemplate\":\"https:\/\/veiligopslaan.nu\/de\/?s={search_term_string}\"},\"query-input\":{\"@type\":\"PropertyValueSpecification\",\"valueRequired\":true,\"valueName\":\"search_term_string\"}}],\"inLanguage\":\"de\"},{\"@type\":\"Organization\",\"@id\":\"https:\/\/veiligopslaan.nu\/de\/#organization\",\"name\":\"Sichere Lagerung\",\"alternateName\":\"Dutch Rental DNA Dienstleistungen\",\"url\":\"https:\/\/veiligopslaan.nu\/de\/\",\"logo\":{\"@type\":\"ImageObject\",\"inLanguage\":\"de\",\"@id\":\"https:\/\/veiligopslaan.nu\/de\/#\/schema\/logo\/image\/\",\"url\":\"https:\/\/i0.wp.com\/veiligopslaan.nu\/wp-content\/uploads\/2018\/05\/logo-Veiligopslaan_kleur-png.png?fit=428%2C112&quality=80&ssl=1\",\"contentUrl\":\"https:\/\/i0.wp.com\/veiligopslaan.nu\/wp-content\/uploads\/2018\/05\/logo-Veiligopslaan_kleur-png.png?fit=428%2C112&quality=80&ssl=1\",\"width\":428,\"height\":112,\"caption\":\"Sichere Lagerung\"},\"image\":{\"@id\":\"https:\/\/veiligopslaan.nu\/de\/#\/schema\/logo\/image\/\"},\"sameAs\":[\"https:\/\/www.facebook.com\/veiligopslaan\/\"]}]}<\/script>\n<!-- \/ Yoast SEO plugin. -->","yoast_head_json":{"title":"Secure Storage - Ihr zuverl\u00e4ssiger Speicherpartner","description":"Profitieren Sie von flexiblen Mietzeiten, attraktiven Angeboten und kundenfreundlichem Service f\u00fcr eine zuverl\u00e4ssige Lagerl\u00f6sung!","robots":{"index":"index","follow":"follow","max-snippet":"max-snippet:-1","max-image-preview":"max-image-preview:large","max-video-preview":"max-video-preview:-1"},"canonical":"https:\/\/veiligopslaan.nu\/de\/sichere-lagerraeume-mieten-in-venlo-roermond-oder-reuver\/","og_locale":"de_DE","og_type":"article","og_title":"Secure Storage - Ihr zuverl\u00e4ssiger Speicherpartner","og_description":"Profitieren Sie von flexiblen Mietzeiten, attraktiven Angeboten und kundenfreundlichem Service f\u00fcr eine zuverl\u00e4ssige Lagerl\u00f6sung!","og_url":"https:\/\/veiligopslaan.nu\/de\/sichere-lagerraeume-mieten-in-venlo-roermond-oder-reuver\/","og_site_name":"Sichere Lagerung","article_publisher":"https:\/\/www.facebook.com\/veiligopslaan\/","og_image":[{"width":428,"height":112,"url":"https:\/\/i0.wp.com\/veiligopslaan.nu\/wp-content\/uploads\/2018\/05\/logo-Veiligopslaan_kleur-png.png?fit=428%2C112&quality=80&ssl=1","type":"image\/png"}],"twitter_card":"summary_large_image","twitter_misc":{"Gesch\u00e4tzte Lesezeit":"2\u00a0Minuten"},"schema":{"@context":"https:\/\/schema.org","@graph":[{"@type":"WebPage","@id":"https:\/\/veiligopslaan.nu\/de\/sichere-lagerraeume-mieten-in-venlo-roermond-oder-reuver\/","url":"https:\/\/veiligopslaan.nu\/de\/sichere-lagerraeume-mieten-in-venlo-roermond-oder-reuver\/","name":"Secure Storage - Ihr zuverl\u00e4ssiger Speicherpartner","isPartOf":{"@id":"https:\/\/veiligopslaan.nu\/de\/#website"},"datePublished":"2023-12-29T14:03:36+00:00","description":"Profitieren Sie von flexiblen Mietzeiten, attraktiven Angeboten und kundenfreundlichem Service f\u00fcr eine zuverl\u00e4ssige Lagerl\u00f6sung!","breadcrumb":{"@id":"https:\/\/veiligopslaan.nu\/de\/sichere-lagerraeume-mieten-in-venlo-roermond-oder-reuver\/#breadcrumb"},"inLanguage":"de","potentialAction":[{"@type":"ReadAction","target":["https:\/\/veiligopslaan.nu\/de\/sichere-lagerraeume-mieten-in-venlo-roermond-oder-reuver\/"]}]},{"@type":"BreadcrumbList","@id":"https:\/\/veiligopslaan.nu\/de\/sichere-lagerraeume-mieten-in-venlo-roermond-oder-reuver\/#breadcrumb","itemListElement":[{"@type":"ListItem","position":1,"name":"Startseite","item":"https:\/\/veiligopslaan.nu\/de\/"},{"@type":"ListItem","position":2,"name":"Sichere Lagerr\u00e4ume mieten in Venlo, Roermond oder Reuver"}]},{"@type":"WebSite","@id":"https:\/\/veiligopslaan.nu\/de\/#website","url":"https:\/\/veiligopslaan.nu\/de\/","name":"Sichere Lagerung","description":"Erschwingliche Lagerung!","publisher":{"@id":"https:\/\/veiligopslaan.nu\/de\/#organization"},"potentialAction":[{"@type":"SearchAction","target":{"@type":"EntryPoint","urlTemplate":"https:\/\/veiligopslaan.nu\/de\/?s={search_term_string}"},"query-input":{"@type":"PropertyValueSpecification","valueRequired":true,"valueName":"search_term_string"}}],"inLanguage":"de"},{"@type":"Organization","@id":"https:\/\/veiligopslaan.nu\/de\/#organization","name":"Sichere Lagerung","alternateName":"Dutch Rental DNA Dienstleistungen","url":"https:\/\/veiligopslaan.nu\/de\/","logo":{"@type":"ImageObject","inLanguage":"de","@id":"https:\/\/veiligopslaan.nu\/de\/#\/schema\/logo\/image\/","url":"https:\/\/i0.wp.com\/veiligopslaan.nu\/wp-content\/uploads\/2018\/05\/logo-Veiligopslaan_kleur-png.png?fit=428%2C112&quality=80&ssl=1","contentUrl":"https:\/\/i0.wp.com\/veiligopslaan.nu\/wp-content\/uploads\/2018\/05\/logo-Veiligopslaan_kleur-png.png?fit=428%2C112&quality=80&ssl=1","width":428,"height":112,"caption":"Sichere Lagerung"},"image":{"@id":"https:\/\/veiligopslaan.nu\/de\/#\/schema\/logo\/image\/"},"sameAs":["https:\/\/www.facebook.com\/veiligopslaan\/"]}]}},"jetpack_sharing_enabled":true,"_links":{"self":[{"href":"https:\/\/veiligopslaan.nu\/de\/wp-json\/wp\/v2\/pages\/2926","targetHints":{"allow":["GET"]}}],"collection":[{"href":"https:\/\/veiligopslaan.nu\/de\/wp-json\/wp\/v2\/pages"}],"about":[{"href":"https:\/\/veiligopslaan.nu\/de\/wp-json\/wp\/v2\/types\/page"}],"author":[{"embeddable":true,"href":"https:\/\/veiligopslaan.nu\/de\/wp-json\/wp\/v2\/users\/1"}],"replies":[{"embeddable":true,"href":"https:\/\/veiligopslaan.nu\/de\/wp-json\/wp\/v2\/comments?post=2926"}],"version-history":[{"count":0,"href":"https:\/\/veiligopslaan.nu\/de\/wp-json\/wp\/v2\/pages\/2926\/revisions"}],"wp:attachment":[{"href":"https:\/\/veiligopslaan.nu\/de\/wp-json\/wp\/v2\/media?parent=2926"}],"curies":[{"name":"wp","href":"https:\/\/api.w.org\/{rel}","templated":true}]}}