{"id":2806,"date":"2025-12-28T11:04:16","date_gmt":"2025-12-28T10:04:16","guid":{"rendered":"https:\/\/veiligopslaan.nu\/lagerraum-mieten\/"},"modified":"2025-12-30T11:47:45","modified_gmt":"2025-12-30T10:47:45","slug":"lagerraum-mieten","status":"publish","type":"page","link":"https:\/\/veiligopslaan.nu\/de\/lagerraum-mieten\/","title":{"rendered":"Lagerraum mieten"},"content":{"rendered":"\n<h4 class=\"wp-block-heading\">Was kostet die Lagermiete?<\/h4>\n\n<p>Der <strong>Preis f\u00fcr die Miete von Lagerraum<\/strong> h\u00e4ngt von mehreren Faktoren ab. Dennoch ist Transparenz wichtig: Sie m\u00f6chten im Voraus wissen, woran Sie sind. <\/p>\n\n<p>Bei Safe Storage halten wir die <a href=\"https:\/\/veiligopslaan.nu\/prijzen\/\">Geb\u00fchren <\/a>klar und fair.<\/p>\n\n<h4 class=\"wp-block-heading\">Welche Faktoren bestimmen den Preis?<\/h4>\n\n<p>Die Kosten f\u00fcr die Anmietung von Lagerraum h\u00e4ngen davon ab:<\/p>\n\n<ul class=\"wp-block-list\">\n<li>Die Gr\u00f6\u00dfe des Speicherplatzes,<\/li>\n\n\n\n<li>die Mietdauer,<\/li>\n\n\n\n<li>Veranstaltungsort,<\/li>\n\n\n\n<li>Die Art der Lagerung (privat oder gesch\u00e4ftlich).<\/li>\n<\/ul>\n\n<p>Je gr\u00f6\u00dfer die Fl\u00e4che und je l\u00e4nger der Mietvertrag, desto wettbewerbsf\u00e4higer ist oft die monatliche Rate.<\/p>\n\n<h4 class=\"wp-block-heading\">Miete von Lagerraum: Preisangabe<\/h4>\n\n<p>Zwar ist jede Situation anders, aber:<\/p>\n\n<ul class=\"wp-block-list\">\n<li>Kleiner Stauraum: geeignet f\u00fcr Kisten und kleine M\u00f6bel<\/li>\n\n\n\n<li>Mittelgro\u00dfer Stauraum: geeignet f\u00fcr eine Wohnung<\/li>\n\n\n\n<li>Gro\u00dfer Stauraum: geeignet f\u00fcr die Aufbewahrung des gesamten Hausrats oder des Gesch\u00e4fts<\/li>\n<\/ul>\n\n<p>Wir denken immer mit Ihnen mit, um unn\u00f6tige <a href=\"https:\/\/veiligopslaan.nu\/prijzen\/\">Kosten <\/a>zu vermeiden.<\/p>\n\n<h4 class=\"wp-block-heading\">Billig versus sicher<\/h4>\n\n<p>Billig ist nicht immer vorteilhaft. Ein niedriger Preis ohne Sicherheit, trockene Lagerung oder klare Bedingungen kann sich als teuer erweisen. <\/p>\n\n<p>In Safe Save kombinieren Sie:<\/p>\n\n<ul class=\"wp-block-list\">\n<li>einen fairen Preis,<\/li>\n\n\n\n<li>professionelle Sicherheit,<\/li>\n\n\n\n<li>und zuverl\u00e4ssige Speicherung.<\/li>\n<\/ul>\n\n<h4 class=\"wp-block-heading\">Kurz- oder langfristige Vermietung von Lagerr\u00e4umen<\/h4>\n\n<p>Ob Sie einen Monat oder mehrere Jahre Lagerung ben\u00f6tigen: der Preis bleibt transparent und flexibel. Keine versteckten Kosten, keine unerwarteten Verl\u00e4ngerungen. <\/p>\n\n<h4 class=\"wp-block-heading\">Sie m\u00f6chten wissen, was Ihre Lagerung kostet?<\/h4>\n\n<p><a href=\"https:\/\/veiligopslaan.nu\/contact\/\">Kontaktieren Sie<\/a> uns f\u00fcr eine pers\u00f6nliche Preisangabe. Auf diese Weise wissen Sie genau, woran Sie sind. <\/p>\n","protected":false},"excerpt":{"rendered":"<p>Was kostet die Lagermiete? Der Preis f\u00fcr die Miete von Lagerraum h\u00e4ngt von mehreren Faktoren ab. Dennoch ist Transparenz wichtig: [&hellip;]<\/p>\n","protected":false},"author":5,"featured_media":0,"parent":0,"menu_order":0,"comment_status":"closed","ping_status":"closed","template":"","meta":{"site-sidebar-layout":"default","site-content-layout":"","ast-site-content-layout":"default","site-content-style":"default","site-sidebar-style":"default","ast-global-header-display":"","ast-banner-title-visibility":"","ast-main-header-display":"","ast-hfb-above-header-display":"","ast-hfb-below-header-display":"","ast-hfb-mobile-header-display":"","site-post-title":"","ast-breadcrumbs-content":"","ast-featured-img":"","footer-sml-layout":"","ast-disable-related-posts":"","theme-transparent-header-meta":"","adv-header-id-meta":"","stick-header-meta":"","header-above-stick-meta":"","header-main-stick-meta":"","header-below-stick-meta":"","astra-migrate-meta-layouts":"default","ast-page-background-enabled":"default","ast-page-background-meta":{"desktop":{"background-color":"var(--ast-global-color-4)","background-image":"","background-repeat":"repeat","background-position":"center center","background-size":"auto","background-attachment":"scroll","background-type":"","background-media":"","overlay-type":"","overlay-color":"","overlay-opacity":"","overlay-gradient":""},"tablet":{"background-color":"","background-image":"","background-repeat":"repeat","background-position":"center center","background-size":"auto","background-attachment":"scroll","background-type":"","background-media":"","overlay-type":"","overlay-color":"","overlay-opacity":"","overlay-gradient":""},"mobile":{"background-color":"","background-image":"","background-repeat":"repeat","background-position":"center center","background-size":"auto","background-attachment":"scroll","background-type":"","background-media":"","overlay-type":"","overlay-color":"","overlay-opacity":"","overlay-gradient":""}},"ast-content-background-meta":{"desktop":{"background-color":"var(--ast-global-color-5)","background-image":"","background-repeat":"repeat","background-position":"center center","background-size":"auto","background-attachment":"scroll","background-type":"","background-media":"","overlay-type":"","overlay-color":"","overlay-opacity":"","overlay-gradient":""},"tablet":{"background-color":"var(--ast-global-color-5)","background-image":"","background-repeat":"repeat","background-position":"center center","background-size":"auto","background-attachment":"scroll","background-type":"","background-media":"","overlay-type":"","overlay-color":"","overlay-opacity":"","overlay-gradient":""},"mobile":{"background-color":"var(--ast-global-color-5)","background-image":"","background-repeat":"repeat","background-position":"center center","background-size":"auto","background-attachment":"scroll","background-type":"","background-media":"","overlay-type":"","overlay-color":"","overlay-opacity":"","overlay-gradient":""}},"footnotes":""},"class_list":["post-2806","page","type-page","status-publish","hentry"],"yoast_head":"<!-- This site is optimized with the Yoast SEO plugin v26.6 - https:\/\/yoast.com\/wordpress\/plugins\/seo\/ -->\n<title>Lagerraummiete: Preis, Kosten und Optionen erkl\u00e4rt<\/title>\n<meta name=\"description\" content=\"Was kostet eine Lagermiete? Finden Sie den Preis, die Faktoren und die Optionen bei Safe Storage heraus. Transparente Preise, keine \u00dcberraschungen.\" \/>\n<meta name=\"robots\" content=\"index, follow, max-snippet:-1, max-image-preview:large, max-video-preview:-1\" \/>\n<link rel=\"canonical\" href=\"https:\/\/veiligopslaan.nu\/de\/lagerraum-mieten\/\" \/>\n<meta property=\"og:locale\" content=\"de_DE\" \/>\n<meta property=\"og:type\" content=\"article\" \/>\n<meta property=\"og:title\" content=\"Lagerraummiete: Preis, Kosten und Optionen erkl\u00e4rt\" \/>\n<meta property=\"og:description\" content=\"Was kostet eine Lagermiete? Finden Sie den Preis, die Faktoren und die Optionen bei Safe Storage heraus. Transparente Preise, keine \u00dcberraschungen.\" \/>\n<meta property=\"og:url\" content=\"https:\/\/veiligopslaan.nu\/de\/lagerraum-mieten\/\" \/>\n<meta property=\"og:site_name\" content=\"Sichere Lagerung\" \/>\n<meta property=\"article:publisher\" content=\"https:\/\/www.facebook.com\/veiligopslaan\/\" \/>\n<meta property=\"article:modified_time\" content=\"2025-12-30T10:47:45+00:00\" \/>\n<meta property=\"og:image\" content=\"https:\/\/i0.wp.com\/veiligopslaan.nu\/wp-content\/uploads\/2018\/05\/logo-Veiligopslaan_kleur-png.png?fit=428%2C112&quality=80&ssl=1\" \/>\n\t<meta property=\"og:image:width\" content=\"428\" \/>\n\t<meta property=\"og:image:height\" content=\"112\" \/>\n\t<meta property=\"og:image:type\" content=\"image\/png\" \/>\n<meta name=\"twitter:card\" content=\"summary_large_image\" \/>\n<meta name=\"twitter:label1\" content=\"Gesch\u00e4tzte Lesezeit\" \/>\n\t<meta name=\"twitter:data1\" content=\"1\u00a0Minute\" \/>\n<script type=\"application\/ld+json\" class=\"yoast-schema-graph\">{\"@context\":\"https:\/\/schema.org\",\"@graph\":[{\"@type\":\"WebPage\",\"@id\":\"https:\/\/veiligopslaan.nu\/de\/lagerraum-mieten\/\",\"url\":\"https:\/\/veiligopslaan.nu\/de\/lagerraum-mieten\/\",\"name\":\"Lagerraummiete: Preis, Kosten und Optionen erkl\u00e4rt\",\"isPartOf\":{\"@id\":\"https:\/\/veiligopslaan.nu\/de\/#website\"},\"datePublished\":\"2025-12-28T10:04:16+00:00\",\"dateModified\":\"2025-12-30T10:47:45+00:00\",\"description\":\"Was kostet eine Lagermiete? Finden Sie den Preis, die Faktoren und die Optionen bei Safe Storage heraus. Transparente Preise, keine \u00dcberraschungen.\",\"breadcrumb\":{\"@id\":\"https:\/\/veiligopslaan.nu\/de\/lagerraum-mieten\/#breadcrumb\"},\"inLanguage\":\"de\",\"potentialAction\":[{\"@type\":\"ReadAction\",\"target\":[\"https:\/\/veiligopslaan.nu\/de\/lagerraum-mieten\/\"]}]},{\"@type\":\"BreadcrumbList\",\"@id\":\"https:\/\/veiligopslaan.nu\/de\/lagerraum-mieten\/#breadcrumb\",\"itemListElement\":[{\"@type\":\"ListItem\",\"position\":1,\"name\":\"Startseite\",\"item\":\"https:\/\/veiligopslaan.nu\/de\/\"},{\"@type\":\"ListItem\",\"position\":2,\"name\":\"Lagerraum mieten\"}]},{\"@type\":\"WebSite\",\"@id\":\"https:\/\/veiligopslaan.nu\/de\/#website\",\"url\":\"https:\/\/veiligopslaan.nu\/de\/\",\"name\":\"Sichere Lagerung\",\"description\":\"Erschwingliche Lagerung!\",\"publisher\":{\"@id\":\"https:\/\/veiligopslaan.nu\/de\/#organization\"},\"potentialAction\":[{\"@type\":\"SearchAction\",\"target\":{\"@type\":\"EntryPoint\",\"urlTemplate\":\"https:\/\/veiligopslaan.nu\/de\/?s={search_term_string}\"},\"query-input\":{\"@type\":\"PropertyValueSpecification\",\"valueRequired\":true,\"valueName\":\"search_term_string\"}}],\"inLanguage\":\"de\"},{\"@type\":\"Organization\",\"@id\":\"https:\/\/veiligopslaan.nu\/de\/#organization\",\"name\":\"Sichere Lagerung\",\"alternateName\":\"Dutch Rental DNA Dienstleistungen\",\"url\":\"https:\/\/veiligopslaan.nu\/de\/\",\"logo\":{\"@type\":\"ImageObject\",\"inLanguage\":\"de\",\"@id\":\"https:\/\/veiligopslaan.nu\/de\/#\/schema\/logo\/image\/\",\"url\":\"https:\/\/i0.wp.com\/veiligopslaan.nu\/wp-content\/uploads\/2018\/05\/logo-Veiligopslaan_kleur-png.png?fit=428%2C112&quality=80&ssl=1\",\"contentUrl\":\"https:\/\/i0.wp.com\/veiligopslaan.nu\/wp-content\/uploads\/2018\/05\/logo-Veiligopslaan_kleur-png.png?fit=428%2C112&quality=80&ssl=1\",\"width\":428,\"height\":112,\"caption\":\"Sichere Lagerung\"},\"image\":{\"@id\":\"https:\/\/veiligopslaan.nu\/de\/#\/schema\/logo\/image\/\"},\"sameAs\":[\"https:\/\/www.facebook.com\/veiligopslaan\/\"]}]}<\/script>\n<!-- \/ Yoast SEO plugin. -->","yoast_head_json":{"title":"Lagerraummiete: Preis, Kosten und Optionen erkl\u00e4rt","description":"Was kostet eine Lagermiete? Finden Sie den Preis, die Faktoren und die Optionen bei Safe Storage heraus. Transparente Preise, keine \u00dcberraschungen.","robots":{"index":"index","follow":"follow","max-snippet":"max-snippet:-1","max-image-preview":"max-image-preview:large","max-video-preview":"max-video-preview:-1"},"canonical":"https:\/\/veiligopslaan.nu\/de\/lagerraum-mieten\/","og_locale":"de_DE","og_type":"article","og_title":"Lagerraummiete: Preis, Kosten und Optionen erkl\u00e4rt","og_description":"Was kostet eine Lagermiete? Finden Sie den Preis, die Faktoren und die Optionen bei Safe Storage heraus. Transparente Preise, keine \u00dcberraschungen.","og_url":"https:\/\/veiligopslaan.nu\/de\/lagerraum-mieten\/","og_site_name":"Sichere Lagerung","article_publisher":"https:\/\/www.facebook.com\/veiligopslaan\/","article_modified_time":"2025-12-30T10:47:45+00:00","og_image":[{"width":428,"height":112,"url":"https:\/\/i0.wp.com\/veiligopslaan.nu\/wp-content\/uploads\/2018\/05\/logo-Veiligopslaan_kleur-png.png?fit=428%2C112&quality=80&ssl=1","type":"image\/png"}],"twitter_card":"summary_large_image","twitter_misc":{"Gesch\u00e4tzte Lesezeit":"1\u00a0Minute"},"schema":{"@context":"https:\/\/schema.org","@graph":[{"@type":"WebPage","@id":"https:\/\/veiligopslaan.nu\/de\/lagerraum-mieten\/","url":"https:\/\/veiligopslaan.nu\/de\/lagerraum-mieten\/","name":"Lagerraummiete: Preis, Kosten und Optionen erkl\u00e4rt","isPartOf":{"@id":"https:\/\/veiligopslaan.nu\/de\/#website"},"datePublished":"2025-12-28T10:04:16+00:00","dateModified":"2025-12-30T10:47:45+00:00","description":"Was kostet eine Lagermiete? Finden Sie den Preis, die Faktoren und die Optionen bei Safe Storage heraus. Transparente Preise, keine \u00dcberraschungen.","breadcrumb":{"@id":"https:\/\/veiligopslaan.nu\/de\/lagerraum-mieten\/#breadcrumb"},"inLanguage":"de","potentialAction":[{"@type":"ReadAction","target":["https:\/\/veiligopslaan.nu\/de\/lagerraum-mieten\/"]}]},{"@type":"BreadcrumbList","@id":"https:\/\/veiligopslaan.nu\/de\/lagerraum-mieten\/#breadcrumb","itemListElement":[{"@type":"ListItem","position":1,"name":"Startseite","item":"https:\/\/veiligopslaan.nu\/de\/"},{"@type":"ListItem","position":2,"name":"Lagerraum mieten"}]},{"@type":"WebSite","@id":"https:\/\/veiligopslaan.nu\/de\/#website","url":"https:\/\/veiligopslaan.nu\/de\/","name":"Sichere Lagerung","description":"Erschwingliche Lagerung!","publisher":{"@id":"https:\/\/veiligopslaan.nu\/de\/#organization"},"potentialAction":[{"@type":"SearchAction","target":{"@type":"EntryPoint","urlTemplate":"https:\/\/veiligopslaan.nu\/de\/?s={search_term_string}"},"query-input":{"@type":"PropertyValueSpecification","valueRequired":true,"valueName":"search_term_string"}}],"inLanguage":"de"},{"@type":"Organization","@id":"https:\/\/veiligopslaan.nu\/de\/#organization","name":"Sichere Lagerung","alternateName":"Dutch Rental DNA Dienstleistungen","url":"https:\/\/veiligopslaan.nu\/de\/","logo":{"@type":"ImageObject","inLanguage":"de","@id":"https:\/\/veiligopslaan.nu\/de\/#\/schema\/logo\/image\/","url":"https:\/\/i0.wp.com\/veiligopslaan.nu\/wp-content\/uploads\/2018\/05\/logo-Veiligopslaan_kleur-png.png?fit=428%2C112&quality=80&ssl=1","contentUrl":"https:\/\/i0.wp.com\/veiligopslaan.nu\/wp-content\/uploads\/2018\/05\/logo-Veiligopslaan_kleur-png.png?fit=428%2C112&quality=80&ssl=1","width":428,"height":112,"caption":"Sichere Lagerung"},"image":{"@id":"https:\/\/veiligopslaan.nu\/de\/#\/schema\/logo\/image\/"},"sameAs":["https:\/\/www.facebook.com\/veiligopslaan\/"]}]}},"jetpack_sharing_enabled":true,"_links":{"self":[{"href":"https:\/\/veiligopslaan.nu\/de\/wp-json\/wp\/v2\/pages\/2806","targetHints":{"allow":["GET"]}}],"collection":[{"href":"https:\/\/veiligopslaan.nu\/de\/wp-json\/wp\/v2\/pages"}],"about":[{"href":"https:\/\/veiligopslaan.nu\/de\/wp-json\/wp\/v2\/types\/page"}],"author":[{"embeddable":true,"href":"https:\/\/veiligopslaan.nu\/de\/wp-json\/wp\/v2\/users\/5"}],"replies":[{"embeddable":true,"href":"https:\/\/veiligopslaan.nu\/de\/wp-json\/wp\/v2\/comments?post=2806"}],"version-history":[{"count":3,"href":"https:\/\/veiligopslaan.nu\/de\/wp-json\/wp\/v2\/pages\/2806\/revisions"}],"predecessor-version":[{"id":2813,"href":"https:\/\/veiligopslaan.nu\/de\/wp-json\/wp\/v2\/pages\/2806\/revisions\/2813"}],"wp:attachment":[{"href":"https:\/\/veiligopslaan.nu\/de\/wp-json\/wp\/v2\/media?parent=2806"}],"curies":[{"name":"wp","href":"https:\/\/api.w.org\/{rel}","templated":true}]}}