{"id":2798,"date":"2025-12-28T11:01:09","date_gmt":"2025-12-28T10:01:09","guid":{"rendered":"https:\/\/veiligopslaan.nu\/mieten-sie-lagerraum-ohne-sorgen\/"},"modified":"2025-12-30T11:47:39","modified_gmt":"2025-12-30T10:47:39","slug":"mieten-sie-lagerraum-ohne-sorgen","status":"publish","type":"page","link":"https:\/\/veiligopslaan.nu\/de\/mieten-sie-lagerraum-ohne-sorgen\/","title":{"rendered":"Mieten Sie Lagerraum ohne Sorgen!"},"content":{"rendered":"\n<p>M\u00f6chten Sie eine vor\u00fcbergehende oder langfristige <strong>Lagerung<\/strong> f\u00fcr Ihr Hab und Gut <strong>mieten<\/strong>? Dann wollen Sie vor allem Gewissheit: dass Ihre Sachen sicher und jederzeit zug\u00e4nglich sind und dass Sie sich nicht mit unklaren Bedingungen herumschlagen m\u00fcssen. Bei Secure Storage k\u00f6nnen Sie ganz einfach eine <strong>Lagerbox<\/strong> mieten, die zu Ihrer Situation passt.  <\/p>\n\n<p>Ob es sich um einen Umzug, eine Renovierung, die Lagerung von Gesch\u00e4ftsr\u00e4umen oder einfach um Platzmangel zu Hause handelt, das Mieten einer Box ist oft die flexibelste L\u00f6sung.<\/p>\n\n<h4 class=\"wp-block-heading\">Was genau ist Boxenvermietung?<\/h4>\n\n<p>Die Anmietung von Lagerr\u00e4umen bedeutet die Anmietung einer abgeschlossenen Lagereinheit, in der Sie Ihre pers\u00f6nlichen oder gesch\u00e4ftlichen Gegenst\u00e4nde sicher aufbewahren k\u00f6nnen. Diese Lagerr\u00e4ume sind trocken, gut gesichert und nur f\u00fcr Sie zug\u00e4nglich. <\/p>\n\n<p>Anders als eine Garage oder ein Schuppen:<\/p>\n\n<ul class=\"wp-block-list\">\n<li>Die Lagerboxen sind professionell gesichert,<\/li>\n\n\n\n<li>Sie nicht unter Feuchtigkeit oder Temperaturschwankungen leiden,<\/li>\n\n\n\n<li>und Sie entscheiden, f\u00fcr wie lange Sie mieten.<\/li>\n<\/ul>\n\n<h4 class=\"wp-block-heading\">Warum sollten Sie eine Box von Secure Storage mieten?<\/h4>\n\n<p>Bei Safe Storage geht es vor allem um Klarheit und Vertrauen. Sie wissen im Voraus, woran Sie sind. <\/p>\n\n<p><strong>Unsere Vorteile auf einen Blick:<\/strong><\/p>\n\n<ul class=\"wp-block-list\">\n<li>Verschlossene, individuelle Aufbewahrungsboxen<\/li>\n\n\n\n<li>Kamera\u00fcberwachung und Zugangskontrolle<\/li>\n\n\n\n<li>Flexible Mietdauer<\/li>\n\n\n\n<li><a href=\"https:\/\/veiligopslaan.nu\/prijzen\/\">Klare Preise, keine \u00dcberraschungen<\/a><\/li>\n\n\n\n<li>Geeignet f\u00fcr den privaten und gesch\u00e4ftlichen Gebrauch<\/li>\n<\/ul>\n\n<h4 class=\"wp-block-heading\">Wann ist das Mieten von Boxen sinnvoll?<\/h4>\n\n<p>Die Anmietung einer Lagerbox ist unter anderem in diesen Situationen ideal:<\/p>\n\n<ul class=\"wp-block-list\">\n<li>W\u00e4hrend eines <a href=\"https:\/\/veiligopslaan.nu\/onze-dienstverlening\/\">Umzugs <\/a>oder einer Renovierung<\/li>\n\n\n\n<li>Wenn Sie zusammenleben oder sich scheiden lassen<\/li>\n\n\n\n<li>F\u00fcr Archiv oder Lagerhaltung<\/li>\n\n\n\n<li>Im Falle eines vor\u00fcbergehenden Aufenthalts im Ausland<\/li>\n\n\n\n<li>F\u00fcr saisonale Artikel<\/li>\n<\/ul>\n\n<h4 class=\"wp-block-heading\">Wie gro\u00df sollte meine Aufbewahrungsbox sein?<\/h4>\n\n<p>Viele Leute mieten entweder zu gro\u00df oder zu klein. Deshalb helfen wir Ihnen immer, den richtigen Lagerraum zu finden. Von ein paar Umzugskartons bis zum kompletten Hausrat: es gibt immer eine passende Lagerbox.  <\/p>\n\n<h4 class=\"wp-block-heading\">Kurz- oder langfristige Vermietung von Lagerr\u00e4umen<\/h4>\n\n<p>Bei uns sind Sie nicht an langfristige Vertr\u00e4ge gebunden. Lagerraum mieten ist m\u00f6glich: <\/p>\n\n<ul class=\"wp-block-list\">\n<li>f\u00fcr ein paar Wochen,<\/li>\n\n\n\n<li>mehrere Monate,<\/li>\n\n\n\n<li>Oder einfach f\u00fcr l\u00e4ngere Zeit.<\/li>\n<\/ul>\n\n<p>Das macht sie zug\u00e4nglich und erschwinglich.<\/p>\n\n<h4 class=\"wp-block-heading\">Lagerr\u00e4ume direkt mieten?<\/h4>\n\n<p>M\u00f6chten Sie sofort eine Lagerbox mieten oder uns erst konsultieren? <a href=\"https:\/\/veiligopslaan.nu\/contact\/\">Nehmen Sie einfach Kontakt mit uns auf<\/a>. Wir denken gerne mit Ihnen mit. <\/p>\n","protected":false},"excerpt":{"rendered":"<p>M\u00f6chten Sie eine vor\u00fcbergehende oder langfristige Lagerung f\u00fcr Ihr Hab und Gut mieten? Dann wollen Sie vor allem Gewissheit: dass [&hellip;]<\/p>\n","protected":false},"author":5,"featured_media":0,"parent":0,"menu_order":0,"comment_status":"closed","ping_status":"closed","template":"","meta":{"site-sidebar-layout":"default","site-content-layout":"","ast-site-content-layout":"default","site-content-style":"default","site-sidebar-style":"default","ast-global-header-display":"","ast-banner-title-visibility":"","ast-main-header-display":"","ast-hfb-above-header-display":"","ast-hfb-below-header-display":"","ast-hfb-mobile-header-display":"","site-post-title":"","ast-breadcrumbs-content":"","ast-featured-img":"","footer-sml-layout":"","ast-disable-related-posts":"","theme-transparent-header-meta":"","adv-header-id-meta":"","stick-header-meta":"","header-above-stick-meta":"","header-main-stick-meta":"","header-below-stick-meta":"","astra-migrate-meta-layouts":"default","ast-page-background-enabled":"default","ast-page-background-meta":{"desktop":{"background-color":"var(--ast-global-color-4)","background-image":"","background-repeat":"repeat","background-position":"center center","background-size":"auto","background-attachment":"scroll","background-type":"","background-media":"","overlay-type":"","overlay-color":"","overlay-opacity":"","overlay-gradient":""},"tablet":{"background-color":"","background-image":"","background-repeat":"repeat","background-position":"center center","background-size":"auto","background-attachment":"scroll","background-type":"","background-media":"","overlay-type":"","overlay-color":"","overlay-opacity":"","overlay-gradient":""},"mobile":{"background-color":"","background-image":"","background-repeat":"repeat","background-position":"center center","background-size":"auto","background-attachment":"scroll","background-type":"","background-media":"","overlay-type":"","overlay-color":"","overlay-opacity":"","overlay-gradient":""}},"ast-content-background-meta":{"desktop":{"background-color":"var(--ast-global-color-5)","background-image":"","background-repeat":"repeat","background-position":"center center","background-size":"auto","background-attachment":"scroll","background-type":"","background-media":"","overlay-type":"","overlay-color":"","overlay-opacity":"","overlay-gradient":""},"tablet":{"background-color":"var(--ast-global-color-5)","background-image":"","background-repeat":"repeat","background-position":"center center","background-size":"auto","background-attachment":"scroll","background-type":"","background-media":"","overlay-type":"","overlay-color":"","overlay-opacity":"","overlay-gradient":""},"mobile":{"background-color":"var(--ast-global-color-5)","background-image":"","background-repeat":"repeat","background-position":"center center","background-size":"auto","background-attachment":"scroll","background-type":"","background-media":"","overlay-type":"","overlay-color":"","overlay-opacity":"","overlay-gradient":""}},"footnotes":""},"class_list":["post-2798","page","type-page","status-publish","hentry"],"yoast_head":"<!-- This site is optimized with the Yoast SEO plugin v26.6 - https:\/\/yoast.com\/wordpress\/plugins\/seo\/ -->\n<title>Sie m\u00fcssen Lagerr\u00e4ume mieten? Sichere Vermietung von Lagerboxen von Secure Storage<\/title>\n<meta name=\"description\" content=\"Mieten Sie Lagerraum oder mieten Sie eine Lagerbox? Bei Secure Storage mieten Sie sicheren, zug\u00e4nglichen Lagerraum zu \u00fcberschaubaren Preisen. Werfen Sie einen Blick auf die M\u00f6glichkeiten.\" \/>\n<meta name=\"robots\" content=\"index, follow, max-snippet:-1, max-image-preview:large, max-video-preview:-1\" \/>\n<link rel=\"canonical\" href=\"https:\/\/veiligopslaan.nu\/de\/mieten-sie-lagerraum-ohne-sorgen\/\" \/>\n<meta property=\"og:locale\" content=\"de_DE\" \/>\n<meta property=\"og:type\" content=\"article\" \/>\n<meta property=\"og:title\" content=\"Sie m\u00fcssen Lagerr\u00e4ume mieten? Sichere Vermietung von Lagerboxen von Secure Storage\" \/>\n<meta property=\"og:description\" content=\"Mieten Sie Lagerraum oder mieten Sie eine Lagerbox? Bei Secure Storage mieten Sie sicheren, zug\u00e4nglichen Lagerraum zu \u00fcberschaubaren Preisen. Werfen Sie einen Blick auf die M\u00f6glichkeiten.\" \/>\n<meta property=\"og:url\" content=\"https:\/\/veiligopslaan.nu\/de\/mieten-sie-lagerraum-ohne-sorgen\/\" \/>\n<meta property=\"og:site_name\" content=\"Sichere Lagerung\" \/>\n<meta property=\"article:publisher\" content=\"https:\/\/www.facebook.com\/veiligopslaan\/\" \/>\n<meta property=\"article:modified_time\" content=\"2025-12-30T10:47:39+00:00\" \/>\n<meta property=\"og:image\" content=\"https:\/\/i0.wp.com\/veiligopslaan.nu\/wp-content\/uploads\/2018\/05\/logo-Veiligopslaan_kleur-png.png?fit=428%2C112&quality=80&ssl=1\" \/>\n\t<meta property=\"og:image:width\" content=\"428\" \/>\n\t<meta property=\"og:image:height\" content=\"112\" \/>\n\t<meta property=\"og:image:type\" content=\"image\/png\" \/>\n<meta name=\"twitter:card\" content=\"summary_large_image\" \/>\n<meta name=\"twitter:label1\" content=\"Gesch\u00e4tzte Lesezeit\" \/>\n\t<meta name=\"twitter:data1\" content=\"2\u00a0Minuten\" \/>\n<script type=\"application\/ld+json\" class=\"yoast-schema-graph\">{\"@context\":\"https:\/\/schema.org\",\"@graph\":[{\"@type\":\"WebPage\",\"@id\":\"https:\/\/veiligopslaan.nu\/de\/mieten-sie-lagerraum-ohne-sorgen\/\",\"url\":\"https:\/\/veiligopslaan.nu\/de\/mieten-sie-lagerraum-ohne-sorgen\/\",\"name\":\"Sie m\u00fcssen Lagerr\u00e4ume mieten? Sichere Vermietung von Lagerboxen von Secure Storage\",\"isPartOf\":{\"@id\":\"https:\/\/veiligopslaan.nu\/de\/#website\"},\"datePublished\":\"2025-12-28T10:01:09+00:00\",\"dateModified\":\"2025-12-30T10:47:39+00:00\",\"description\":\"Mieten Sie Lagerraum oder mieten Sie eine Lagerbox? Bei Secure Storage mieten Sie sicheren, zug\u00e4nglichen Lagerraum zu \u00fcberschaubaren Preisen. Werfen Sie einen Blick auf die M\u00f6glichkeiten.\",\"breadcrumb\":{\"@id\":\"https:\/\/veiligopslaan.nu\/de\/mieten-sie-lagerraum-ohne-sorgen\/#breadcrumb\"},\"inLanguage\":\"de\",\"potentialAction\":[{\"@type\":\"ReadAction\",\"target\":[\"https:\/\/veiligopslaan.nu\/de\/mieten-sie-lagerraum-ohne-sorgen\/\"]}]},{\"@type\":\"BreadcrumbList\",\"@id\":\"https:\/\/veiligopslaan.nu\/de\/mieten-sie-lagerraum-ohne-sorgen\/#breadcrumb\",\"itemListElement\":[{\"@type\":\"ListItem\",\"position\":1,\"name\":\"Startseite\",\"item\":\"https:\/\/veiligopslaan.nu\/de\/\"},{\"@type\":\"ListItem\",\"position\":2,\"name\":\"Mieten Sie Lagerraum ohne Sorgen!\"}]},{\"@type\":\"WebSite\",\"@id\":\"https:\/\/veiligopslaan.nu\/de\/#website\",\"url\":\"https:\/\/veiligopslaan.nu\/de\/\",\"name\":\"Sichere Lagerung\",\"description\":\"Erschwingliche Lagerung!\",\"publisher\":{\"@id\":\"https:\/\/veiligopslaan.nu\/de\/#organization\"},\"potentialAction\":[{\"@type\":\"SearchAction\",\"target\":{\"@type\":\"EntryPoint\",\"urlTemplate\":\"https:\/\/veiligopslaan.nu\/de\/?s={search_term_string}\"},\"query-input\":{\"@type\":\"PropertyValueSpecification\",\"valueRequired\":true,\"valueName\":\"search_term_string\"}}],\"inLanguage\":\"de\"},{\"@type\":\"Organization\",\"@id\":\"https:\/\/veiligopslaan.nu\/de\/#organization\",\"name\":\"Sichere Lagerung\",\"alternateName\":\"Dutch Rental DNA Dienstleistungen\",\"url\":\"https:\/\/veiligopslaan.nu\/de\/\",\"logo\":{\"@type\":\"ImageObject\",\"inLanguage\":\"de\",\"@id\":\"https:\/\/veiligopslaan.nu\/de\/#\/schema\/logo\/image\/\",\"url\":\"https:\/\/i0.wp.com\/veiligopslaan.nu\/wp-content\/uploads\/2018\/05\/logo-Veiligopslaan_kleur-png.png?fit=428%2C112&quality=80&ssl=1\",\"contentUrl\":\"https:\/\/i0.wp.com\/veiligopslaan.nu\/wp-content\/uploads\/2018\/05\/logo-Veiligopslaan_kleur-png.png?fit=428%2C112&quality=80&ssl=1\",\"width\":428,\"height\":112,\"caption\":\"Sichere Lagerung\"},\"image\":{\"@id\":\"https:\/\/veiligopslaan.nu\/de\/#\/schema\/logo\/image\/\"},\"sameAs\":[\"https:\/\/www.facebook.com\/veiligopslaan\/\"]}]}<\/script>\n<!-- \/ Yoast SEO plugin. -->","yoast_head_json":{"title":"Sie m\u00fcssen Lagerr\u00e4ume mieten? Sichere Vermietung von Lagerboxen von Secure Storage","description":"Mieten Sie Lagerraum oder mieten Sie eine Lagerbox? Bei Secure Storage mieten Sie sicheren, zug\u00e4nglichen Lagerraum zu \u00fcberschaubaren Preisen. Werfen Sie einen Blick auf die M\u00f6glichkeiten.","robots":{"index":"index","follow":"follow","max-snippet":"max-snippet:-1","max-image-preview":"max-image-preview:large","max-video-preview":"max-video-preview:-1"},"canonical":"https:\/\/veiligopslaan.nu\/de\/mieten-sie-lagerraum-ohne-sorgen\/","og_locale":"de_DE","og_type":"article","og_title":"Sie m\u00fcssen Lagerr\u00e4ume mieten? Sichere Vermietung von Lagerboxen von Secure Storage","og_description":"Mieten Sie Lagerraum oder mieten Sie eine Lagerbox? Bei Secure Storage mieten Sie sicheren, zug\u00e4nglichen Lagerraum zu \u00fcberschaubaren Preisen. Werfen Sie einen Blick auf die M\u00f6glichkeiten.","og_url":"https:\/\/veiligopslaan.nu\/de\/mieten-sie-lagerraum-ohne-sorgen\/","og_site_name":"Sichere Lagerung","article_publisher":"https:\/\/www.facebook.com\/veiligopslaan\/","article_modified_time":"2025-12-30T10:47:39+00:00","og_image":[{"width":428,"height":112,"url":"https:\/\/i0.wp.com\/veiligopslaan.nu\/wp-content\/uploads\/2018\/05\/logo-Veiligopslaan_kleur-png.png?fit=428%2C112&quality=80&ssl=1","type":"image\/png"}],"twitter_card":"summary_large_image","twitter_misc":{"Gesch\u00e4tzte Lesezeit":"2\u00a0Minuten"},"schema":{"@context":"https:\/\/schema.org","@graph":[{"@type":"WebPage","@id":"https:\/\/veiligopslaan.nu\/de\/mieten-sie-lagerraum-ohne-sorgen\/","url":"https:\/\/veiligopslaan.nu\/de\/mieten-sie-lagerraum-ohne-sorgen\/","name":"Sie m\u00fcssen Lagerr\u00e4ume mieten? Sichere Vermietung von Lagerboxen von Secure Storage","isPartOf":{"@id":"https:\/\/veiligopslaan.nu\/de\/#website"},"datePublished":"2025-12-28T10:01:09+00:00","dateModified":"2025-12-30T10:47:39+00:00","description":"Mieten Sie Lagerraum oder mieten Sie eine Lagerbox? Bei Secure Storage mieten Sie sicheren, zug\u00e4nglichen Lagerraum zu \u00fcberschaubaren Preisen. Werfen Sie einen Blick auf die M\u00f6glichkeiten.","breadcrumb":{"@id":"https:\/\/veiligopslaan.nu\/de\/mieten-sie-lagerraum-ohne-sorgen\/#breadcrumb"},"inLanguage":"de","potentialAction":[{"@type":"ReadAction","target":["https:\/\/veiligopslaan.nu\/de\/mieten-sie-lagerraum-ohne-sorgen\/"]}]},{"@type":"BreadcrumbList","@id":"https:\/\/veiligopslaan.nu\/de\/mieten-sie-lagerraum-ohne-sorgen\/#breadcrumb","itemListElement":[{"@type":"ListItem","position":1,"name":"Startseite","item":"https:\/\/veiligopslaan.nu\/de\/"},{"@type":"ListItem","position":2,"name":"Mieten Sie Lagerraum ohne Sorgen!"}]},{"@type":"WebSite","@id":"https:\/\/veiligopslaan.nu\/de\/#website","url":"https:\/\/veiligopslaan.nu\/de\/","name":"Sichere Lagerung","description":"Erschwingliche Lagerung!","publisher":{"@id":"https:\/\/veiligopslaan.nu\/de\/#organization"},"potentialAction":[{"@type":"SearchAction","target":{"@type":"EntryPoint","urlTemplate":"https:\/\/veiligopslaan.nu\/de\/?s={search_term_string}"},"query-input":{"@type":"PropertyValueSpecification","valueRequired":true,"valueName":"search_term_string"}}],"inLanguage":"de"},{"@type":"Organization","@id":"https:\/\/veiligopslaan.nu\/de\/#organization","name":"Sichere Lagerung","alternateName":"Dutch Rental DNA Dienstleistungen","url":"https:\/\/veiligopslaan.nu\/de\/","logo":{"@type":"ImageObject","inLanguage":"de","@id":"https:\/\/veiligopslaan.nu\/de\/#\/schema\/logo\/image\/","url":"https:\/\/i0.wp.com\/veiligopslaan.nu\/wp-content\/uploads\/2018\/05\/logo-Veiligopslaan_kleur-png.png?fit=428%2C112&quality=80&ssl=1","contentUrl":"https:\/\/i0.wp.com\/veiligopslaan.nu\/wp-content\/uploads\/2018\/05\/logo-Veiligopslaan_kleur-png.png?fit=428%2C112&quality=80&ssl=1","width":428,"height":112,"caption":"Sichere Lagerung"},"image":{"@id":"https:\/\/veiligopslaan.nu\/de\/#\/schema\/logo\/image\/"},"sameAs":["https:\/\/www.facebook.com\/veiligopslaan\/"]}]}},"jetpack_sharing_enabled":true,"_links":{"self":[{"href":"https:\/\/veiligopslaan.nu\/de\/wp-json\/wp\/v2\/pages\/2798","targetHints":{"allow":["GET"]}}],"collection":[{"href":"https:\/\/veiligopslaan.nu\/de\/wp-json\/wp\/v2\/pages"}],"about":[{"href":"https:\/\/veiligopslaan.nu\/de\/wp-json\/wp\/v2\/types\/page"}],"author":[{"embeddable":true,"href":"https:\/\/veiligopslaan.nu\/de\/wp-json\/wp\/v2\/users\/5"}],"replies":[{"embeddable":true,"href":"https:\/\/veiligopslaan.nu\/de\/wp-json\/wp\/v2\/comments?post=2798"}],"version-history":[{"count":1,"href":"https:\/\/veiligopslaan.nu\/de\/wp-json\/wp\/v2\/pages\/2798\/revisions"}],"predecessor-version":[{"id":2803,"href":"https:\/\/veiligopslaan.nu\/de\/wp-json\/wp\/v2\/pages\/2798\/revisions\/2803"}],"wp:attachment":[{"href":"https:\/\/veiligopslaan.nu\/de\/wp-json\/wp\/v2\/media?parent=2798"}],"curies":[{"name":"wp","href":"https:\/\/api.w.org\/{rel}","templated":true}]}}